{"id":11136,"date":"2013-02-07T18:03:55","date_gmt":"2013-02-07T17:03:55","guid":{"rendered":"https:\/\/www.studio-oeding.com\/impressum\/"},"modified":"2025-02-11T10:09:58","modified_gmt":"2025-02-11T09:09:58","slug":"impressum","status":"publish","type":"page","link":"https:\/\/www.studio-oeding.com\/en\/impressum\/","title":{"rendered":"Impressum"},"content":{"rendered":"<div class=\"block clearfix\">\n<div class=\"columnleft\">Studio Oeding GmbH<br \/>\nBrook 5, 20457 Hamburg, Germany<br \/>\nPhone: +49 (0)40 688 758 78-0<br \/>\nMail: <a href=\"mailto:hello@studio-oeding.com\">hello@studio-oeding.com<\/a><\/div>\n<div class=\"columnright\">Commercial Register: Amtsgericht Hamburg, HRB 11 90 76<br \/>\nVAT ID: DE 278 032 476<\/div>\n<div class=\"columnright\">Managing Director: Katrin Oeding<br \/>\nContent Responsibility in accordance with \u00a7 10 Paragraph 3 MDStV<\/div>\n<\/div>\n<p style=\"margin-top: 20px;\"><strong>Liability for Content<\/strong><br \/>\nThe content of our pages has been created with the utmost care. However, we cannot guarantee the accuracy, completeness, or timeliness of the content. As a service provider, we are responsible for our own content on these pages in accordance with general laws as per \u00a7 7 Para. 1 TMG. However, according to \u00a7\u00a7 8 to 10 TMG, we are not obligated to monitor transmitted or stored third-party information or investigate circumstances that indicate illegal activity. Obligations to remove or block the use of information under general laws remain unaffected. However, liability in this regard is only possible from the moment we become aware of a specific legal violation. Upon becoming aware of such violations, we will remove the content immediately.<\/p>\n<p style=\"margin-top: 20px;\"><strong>Liability for Links<\/strong><br \/>\nOur website contains links to external third-party websites, over whose content we have no influence. Therefore, we cannot assume any liability for such external content. The respective provider or operator of the linked sites is always responsible for their content. The linked pages were checked for possible legal violations at the time of linking, and no illegal content was apparent at that time. However, continuous monitoring of the linked pages without concrete indications of a legal violation is not reasonable. If we become aware of any legal infringements, we will remove such links immediately.<br \/>Copyright<br \/>The content and works created by the site operators on these pages are subject to German copyright law. The reproduction, editing, distribution, or any kind of utilization beyond the scope of copyright law requires the written consent of the respective author or creator. Downloads and copies of this site are permitted only for private, non-commercial use. If the content on this site was not created by the operator, the copyrights of third parties are respected and marked as such. Should you nevertheless become aware of a copyright infringement, please inform us accordingly. Upon becoming aware of any legal violations, we will remove such content immediately      <\/p>\n<p style=\"margin-top: 20px;\"><strong>Urheberrecht<br \/>\n<\/strong>Die durch die Seitenbetreiber erstellten Inhalte und Werke auf diesen Seiten unterliegen dem deutschen Urheberrecht. Die Vervielf\u00e4ltigung, Bearbeitung, Verbreitung und jede Art der Verwertung au\u00dferhalb der Grenzen des Urheberrechtes bed\u00fcrfen der schriftlichen Zustimmung des jeweiligen Autors bzw. Erstellers. Downloads und Kopien dieser Seite sind nur f\u00fcr den privaten, nicht kommerziellen Gebrauch gestattet. Soweit die Inhalte auf dieser Seite nicht vom Betreiber erstellt wurden, werden die Urheberrechte Dritter beachtet. Insbesondere werden Inhalte Dritter als solche gekennzeichnet. Sollten Sie trotzdem auf eine Urheberrechtsverletzung aufmerksam werden, bitten wir um einen entsprechenden Hinweis. Bei Bekanntwerden von Rechtsverletzungen werden wir derartige Inhalte umgehend entfernen.      <\/p>\n<p style=\"margin-top: 20px;\">\n","protected":false},"excerpt":{"rendered":"<p>Studio Oeding GmbH Brook 5, 20457 Hamburg, Germany Phone: +49 (0)40 688 758 78-0 Mail: hello@studio-oeding.com Commercial Register: Amtsgericht Hamburg, HRB 11 90 76 VAT ID: DE 278 032 476 Managing Director: Katrin Oeding Content Responsibility in accordance with \u00a7 10 Paragraph 3 MDStV Liability for Content The content of our pages has been created [&hellip;]<\/p>\n","protected":false},"author":1,"featured_media":0,"parent":0,"menu_order":99,"comment_status":"closed","ping_status":"closed","template":"","meta":{"_acf_changed":false,"footnotes":""},"class_list":["post-11136","page","type-page","status-publish","hentry"],"acf":[],"yoast_head":"<!-- This site is optimized with the Yoast SEO plugin v24.8.1 - https:\/\/yoast.com\/wordpress\/plugins\/seo\/ -->\n<title>Impressum - Studio Oeding<\/title>\n<meta name=\"robots\" content=\"index, follow, max-snippet:-1, max-image-preview:large, max-video-preview:-1\" \/>\n<link rel=\"canonical\" href=\"https:\/\/www.studio-oeding.com\/en\/impressum\/\" \/>\n<meta property=\"og:locale\" content=\"en_US\" \/>\n<meta property=\"og:type\" content=\"article\" \/>\n<meta property=\"og:title\" content=\"Impressum - Studio Oeding\" \/>\n<meta property=\"og:description\" content=\"Studio Oeding GmbH Brook 5, 20457 Hamburg, Germany Phone: +49 (0)40 688 758 78-0 Mail: hello@studio-oeding.com Commercial Register: Amtsgericht Hamburg, HRB 11 90 76 VAT ID: DE 278 032 476 Managing Director: Katrin Oeding Content Responsibility in accordance with \u00a7 10 Paragraph 3 MDStV Liability for Content The content of our pages has been created [&hellip;]\" \/>\n<meta property=\"og:url\" content=\"https:\/\/www.studio-oeding.com\/en\/impressum\/\" \/>\n<meta property=\"og:site_name\" content=\"Studio Oeding\" \/>\n<meta property=\"article:modified_time\" content=\"2025-02-11T09:09:58+00:00\" \/>\n<meta name=\"twitter:card\" content=\"summary_large_image\" \/>\n<meta name=\"twitter:label1\" content=\"Est. reading time\" \/>\n\t<meta name=\"twitter:data1\" content=\"2 minutes\" \/>\n<script type=\"application\/ld+json\" class=\"yoast-schema-graph\">{\"@context\":\"https:\/\/schema.org\",\"@graph\":[{\"@type\":\"WebPage\",\"@id\":\"https:\/\/www.studio-oeding.com\/en\/impressum\/\",\"url\":\"https:\/\/www.studio-oeding.com\/en\/impressum\/\",\"name\":\"Impressum - Studio Oeding\",\"isPartOf\":{\"@id\":\"https:\/\/www.studio-oeding.com\/en\/#website\"},\"datePublished\":\"2013-02-07T17:03:55+00:00\",\"dateModified\":\"2025-02-11T09:09:58+00:00\",\"breadcrumb\":{\"@id\":\"https:\/\/www.studio-oeding.com\/en\/impressum\/#breadcrumb\"},\"inLanguage\":\"en-US\",\"potentialAction\":[{\"@type\":\"ReadAction\",\"target\":[\"https:\/\/www.studio-oeding.com\/en\/impressum\/\"]}]},{\"@type\":\"BreadcrumbList\",\"@id\":\"https:\/\/www.studio-oeding.com\/en\/impressum\/#breadcrumb\",\"itemListElement\":[{\"@type\":\"ListItem\",\"position\":1,\"name\":\"Startseite\",\"item\":\"https:\/\/www.studio-oeding.com\/en\/\"},{\"@type\":\"ListItem\",\"position\":2,\"name\":\"Impressum\"}]},{\"@type\":\"WebSite\",\"@id\":\"https:\/\/www.studio-oeding.com\/en\/#website\",\"url\":\"https:\/\/www.studio-oeding.com\/en\/\",\"name\":\"Studio Oeding\",\"description\":\"Designagentur f\u00fcr Brand Strategies und ganzheitliche Designl\u00f6sungen.[:en]Studio Oeding Hamburg[:]\",\"potentialAction\":[{\"@type\":\"SearchAction\",\"target\":{\"@type\":\"EntryPoint\",\"urlTemplate\":\"https:\/\/www.studio-oeding.com\/en\/?s={search_term_string}\"},\"query-input\":{\"@type\":\"PropertyValueSpecification\",\"valueRequired\":true,\"valueName\":\"search_term_string\"}}],\"inLanguage\":\"en-US\"}]}<\/script>\n<!-- \/ Yoast SEO plugin. -->","yoast_head_json":{"title":"Impressum - Studio Oeding","robots":{"index":"index","follow":"follow","max-snippet":"max-snippet:-1","max-image-preview":"max-image-preview:large","max-video-preview":"max-video-preview:-1"},"canonical":"https:\/\/www.studio-oeding.com\/en\/impressum\/","og_locale":"en_US","og_type":"article","og_title":"Impressum - Studio Oeding","og_description":"Studio Oeding GmbH Brook 5, 20457 Hamburg, Germany Phone: +49 (0)40 688 758 78-0 Mail: hello@studio-oeding.com Commercial Register: Amtsgericht Hamburg, HRB 11 90 76 VAT ID: DE 278 032 476 Managing Director: Katrin Oeding Content Responsibility in accordance with \u00a7 10 Paragraph 3 MDStV Liability for Content The content of our pages has been created [&hellip;]","og_url":"https:\/\/www.studio-oeding.com\/en\/impressum\/","og_site_name":"Studio Oeding","article_modified_time":"2025-02-11T09:09:58+00:00","twitter_card":"summary_large_image","twitter_misc":{"Est. reading time":"2 minutes"},"schema":{"@context":"https:\/\/schema.org","@graph":[{"@type":"WebPage","@id":"https:\/\/www.studio-oeding.com\/en\/impressum\/","url":"https:\/\/www.studio-oeding.com\/en\/impressum\/","name":"Impressum - Studio Oeding","isPartOf":{"@id":"https:\/\/www.studio-oeding.com\/en\/#website"},"datePublished":"2013-02-07T17:03:55+00:00","dateModified":"2025-02-11T09:09:58+00:00","breadcrumb":{"@id":"https:\/\/www.studio-oeding.com\/en\/impressum\/#breadcrumb"},"inLanguage":"en-US","potentialAction":[{"@type":"ReadAction","target":["https:\/\/www.studio-oeding.com\/en\/impressum\/"]}]},{"@type":"BreadcrumbList","@id":"https:\/\/www.studio-oeding.com\/en\/impressum\/#breadcrumb","itemListElement":[{"@type":"ListItem","position":1,"name":"Startseite","item":"https:\/\/www.studio-oeding.com\/en\/"},{"@type":"ListItem","position":2,"name":"Impressum"}]},{"@type":"WebSite","@id":"https:\/\/www.studio-oeding.com\/en\/#website","url":"https:\/\/www.studio-oeding.com\/en\/","name":"Studio Oeding","description":"Designagentur f\u00fcr Brand Strategies und ganzheitliche Designl\u00f6sungen.[:en]Studio Oeding Hamburg[:]","potentialAction":[{"@type":"SearchAction","target":{"@type":"EntryPoint","urlTemplate":"https:\/\/www.studio-oeding.com\/en\/?s={search_term_string}"},"query-input":{"@type":"PropertyValueSpecification","valueRequired":true,"valueName":"search_term_string"}}],"inLanguage":"en-US"}]}},"_links":{"self":[{"href":"https:\/\/www.studio-oeding.com\/en\/wp-json\/wp\/v2\/pages\/11136","targetHints":{"allow":["GET"]}}],"collection":[{"href":"https:\/\/www.studio-oeding.com\/en\/wp-json\/wp\/v2\/pages"}],"about":[{"href":"https:\/\/www.studio-oeding.com\/en\/wp-json\/wp\/v2\/types\/page"}],"author":[{"embeddable":true,"href":"https:\/\/www.studio-oeding.com\/en\/wp-json\/wp\/v2\/users\/1"}],"replies":[{"embeddable":true,"href":"https:\/\/www.studio-oeding.com\/en\/wp-json\/wp\/v2\/comments?post=11136"}],"version-history":[{"count":0,"href":"https:\/\/www.studio-oeding.com\/en\/wp-json\/wp\/v2\/pages\/11136\/revisions"}],"wp:attachment":[{"href":"https:\/\/www.studio-oeding.com\/en\/wp-json\/wp\/v2\/media?parent=11136"}],"curies":[{"name":"wp","href":"https:\/\/api.w.org\/{rel}","templated":true}]}}