{"id":10698,"date":"2018-02-22T10:18:42","date_gmt":"2018-02-22T09:18:42","guid":{"rendered":"https:\/\/www.studio-oeding.com\/werksstudentin\/"},"modified":"2018-02-22T10:18:42","modified_gmt":"2018-02-22T09:18:42","slug":"werksstudentin","status":"publish","type":"page","link":"https:\/\/www.studio-oeding.com\/en\/jobs\/werksstudentin\/","title":{"rendered":"Werksstudent:in"},"content":{"rendered":"<p>&nbsp;<\/p>\n<p><b>Der Job<\/b><br \/>\n\u2022 Im Zuge Deines Studiums erh\u00e4ltst Du einen intensiven Einblick in den Workflow einer international t\u00e4tigen Designagentur\u202c\u202c\u202c\u202c\u202c\u202c\u202c\u202c\u202c\u202c\u202c\u202c\u202c\u202c<br \/>\n\u2022 \u202a\u202aAls Teammitglied werden wir Dich in den gesamten Entstehungsprozess vom ersten Briefing bis zur fertigen Kampagne mit einbinden\u202c\u202c\u202c\u202c\u202c\u202c\u202c\u202c\u202c\u202c\u202c\u202c<br \/>\n\u2022 \u202a\u202aJe nach Vorbildung und Erfahrung unterst\u00fctzt Du unsere Kreationsteams bei der Ideenfindung, der Ausarbeitung und Umsetzung von Layouts f\u00fcr nationale und internationale Kunden\u202c\u202c\u202c\u202c\u202c\u202c\u202c\u202c\u202c\u202c\u202c\u202c\u202c\u202c<br \/>\n\u2022 \u202a\u202aAuch die notwendigen Recherchearbeiten sowie die Erstellung von Dummys fallen in Deinen Aufgabenbereich\u202c\u202c\u202c\u202c\u202c\u202c\u202c\u202c\u202c\u202c\u202c\u202c\u202c\u202c<br \/>\n<br class=\"\u201cclear\u201c\" \/><b>Dein Profil<\/b><br \/>\n\u2022 \u202a\u202aDu bist an einer Hochschule oder Universit\u00e4t immatrikuliert<br \/>\n\u202a\u2022 \u202a\u202aDu studierst Kommunikations- oder Grafik-Design oder eine vergleichbare Studienrichtung\u202c\u202c\u202c\u202c\u202c\u202c\u202c\u202c\u202c\u202c\u202c\u202c\u202c\u202c<br \/>\n\u2022 \u202a\u202aDu interessierst Dich f\u00fcr Typografie, Editorial, Packaging- und Corporate Design, Composings und Fotografie\u202c\u202c\u202c\u202c\u202c\u202c\u202c\u202c\u202c\u202c\u202c\u202c\u202c\u202c<br \/>\n\u2022 \u202a\u202aDu besitzt gute Mac-Kenntnisse und bist in der Lage, Deine kreativen Ideen mit Hilfe der Adobe Creative Cloud (InDesign, Illustrator und Photoshop) zu visualisieren\u202c\u202c\u202c\u202c\u202c\u202c\u202c\u202c\u202c\u202c\u202c\u202c\u202c\u202c<br \/>\n\u2022 \u202a\u202aDu bist verantwortungsbewusst, zuverl\u00e4ssig, flexibel und teamf\u00e4hig \u202c\u202c\u202c\u202c\u202c\u202c\u202c\u202c\u202c\u202c\u202c\u202c\u202c\u202c<br \/>\n<br class=\"\u201cclear\u201c\" \/><b>Unser Angebot<\/b><br \/>\n\u2022 Kreatives und dynamisches Umfeld in einem internationalen Team in der Hamburger Speicherstadt<br \/>\n\u2022 Spannende, anspruchsvolle Projekte f\u00fcr internationale Kunden<br \/>\n\u2022 Eigenverantwortliches Arbeiten mit viel Freiraum<br \/>\n\u2022 Faire Bezahlung und Rahmenbedingungen in einer inhabergef\u00fchrten Agentur<br \/>\n\u2022 Umfangreiche und moderne Ausstattung<br \/>\n\u2022 Internationale, offene Unternehmenskultur und Arbeitsatmosph\u00e4re<br \/>\n<br class=\"\u201cclear\u201c\" \/>Du bist ein positiver, optimistischer Mensch mit hoher Eigenmotivation und Engagement? Dann freuen wir uns auf Deine aussagekr\u00e4ftige Bewerbung inkl. Arbeitsproben sowie mit Angabe Deines fr\u00fchesten Eintrittstermins.<br \/>\n<br class=\"\u201cclear\u201c\" \/>F\u00fcr Deine R\u00fcckfragen stehen wir gern zur Verf\u00fcgung: Telefonisch unter<br \/>\n+49(0)40 688 758 78 0 oder per Mail an <a class=\"\" href=\"mailto:hello@studio-oeding.com\">hello@studio-oeding.com<\/a><\/p>\n","protected":false},"excerpt":{"rendered":"<p>&nbsp; Der Job \u2022 Im Zuge Deines Studiums erh\u00e4ltst Du einen intensiven Einblick in den Workflow einer international t\u00e4tigen Designagentur\u202c\u202c\u202c\u202c\u202c\u202c\u202c\u202c\u202c\u202c\u202c\u202c\u202c\u202c \u2022 \u202a\u202aAls Teammitglied werden wir Dich in den gesamten Entstehungsprozess vom ersten Briefing bis zur fertigen Kampagne mit einbinden\u202c\u202c\u202c\u202c\u202c\u202c\u202c\u202c\u202c\u202c\u202c\u202c \u2022 \u202a\u202aJe nach Vorbildung und Erfahrung unterst\u00fctzt Du unsere Kreationsteams bei der Ideenfindung, der Ausarbeitung und [&hellip;]<\/p>\n","protected":false},"author":1,"featured_media":0,"parent":10688,"menu_order":9,"comment_status":"closed","ping_status":"closed","template":"page-jobs.php","meta":{"_acf_changed":false,"footnotes":""},"class_list":["post-10698","page","type-page","status-publish","hentry"],"acf":[],"yoast_head":"<!-- This site is optimized with the Yoast SEO plugin v24.8.1 - https:\/\/yoast.com\/wordpress\/plugins\/seo\/ -->\n<title>Werksstudent:in - Studio Oeding<\/title>\n<meta name=\"robots\" content=\"index, follow, max-snippet:-1, max-image-preview:large, max-video-preview:-1\" \/>\n<link rel=\"canonical\" href=\"https:\/\/www.studio-oeding.com\/en\/jobs\/werksstudentin\/\" \/>\n<meta property=\"og:locale\" content=\"en_US\" \/>\n<meta property=\"og:type\" content=\"article\" \/>\n<meta property=\"og:title\" content=\"Werksstudent:in - Studio Oeding\" \/>\n<meta property=\"og:description\" content=\"&nbsp; Der Job \u2022 Im Zuge Deines Studiums erh\u00e4ltst Du einen intensiven Einblick in den Workflow einer international t\u00e4tigen Designagentur\u202c\u202c\u202c\u202c\u202c\u202c\u202c\u202c\u202c\u202c\u202c\u202c\u202c\u202c \u2022 \u202a\u202aAls Teammitglied werden wir Dich in den gesamten Entstehungsprozess vom ersten Briefing bis zur fertigen Kampagne mit einbinden\u202c\u202c\u202c\u202c\u202c\u202c\u202c\u202c\u202c\u202c\u202c\u202c \u2022 \u202a\u202aJe nach Vorbildung und Erfahrung unterst\u00fctzt Du unsere Kreationsteams bei der Ideenfindung, der Ausarbeitung und [&hellip;]\" \/>\n<meta property=\"og:url\" content=\"https:\/\/www.studio-oeding.com\/en\/jobs\/werksstudentin\/\" \/>\n<meta property=\"og:site_name\" content=\"Studio Oeding\" \/>\n<meta name=\"twitter:card\" content=\"summary_large_image\" \/>\n<meta name=\"twitter:label1\" content=\"Est. reading time\" \/>\n\t<meta name=\"twitter:data1\" content=\"1 minute\" \/>\n<script type=\"application\/ld+json\" class=\"yoast-schema-graph\">{\"@context\":\"https:\/\/schema.org\",\"@graph\":[{\"@type\":\"WebPage\",\"@id\":\"https:\/\/www.studio-oeding.com\/en\/jobs\/werksstudentin\/\",\"url\":\"https:\/\/www.studio-oeding.com\/en\/jobs\/werksstudentin\/\",\"name\":\"Werksstudent:in - Studio Oeding\",\"isPartOf\":{\"@id\":\"https:\/\/www.studio-oeding.com\/en\/#website\"},\"datePublished\":\"2018-02-22T09:18:42+00:00\",\"breadcrumb\":{\"@id\":\"https:\/\/www.studio-oeding.com\/en\/jobs\/werksstudentin\/#breadcrumb\"},\"inLanguage\":\"en-US\",\"potentialAction\":[{\"@type\":\"ReadAction\",\"target\":[\"https:\/\/www.studio-oeding.com\/en\/jobs\/werksstudentin\/\"]}]},{\"@type\":\"BreadcrumbList\",\"@id\":\"https:\/\/www.studio-oeding.com\/en\/jobs\/werksstudentin\/#breadcrumb\",\"itemListElement\":[{\"@type\":\"ListItem\",\"position\":1,\"name\":\"Startseite\",\"item\":\"https:\/\/www.studio-oeding.com\/en\/\"},{\"@type\":\"ListItem\",\"position\":2,\"name\":\"Werksstudent:in\"}]},{\"@type\":\"WebSite\",\"@id\":\"https:\/\/www.studio-oeding.com\/en\/#website\",\"url\":\"https:\/\/www.studio-oeding.com\/en\/\",\"name\":\"Studio Oeding\",\"description\":\"Designagentur f\u00fcr Brand Strategies und ganzheitliche Designl\u00f6sungen.[:en]Studio Oeding Hamburg[:]\",\"potentialAction\":[{\"@type\":\"SearchAction\",\"target\":{\"@type\":\"EntryPoint\",\"urlTemplate\":\"https:\/\/www.studio-oeding.com\/en\/?s={search_term_string}\"},\"query-input\":{\"@type\":\"PropertyValueSpecification\",\"valueRequired\":true,\"valueName\":\"search_term_string\"}}],\"inLanguage\":\"en-US\"}]}<\/script>\n<!-- \/ Yoast SEO plugin. -->","yoast_head_json":{"title":"Werksstudent:in - Studio Oeding","robots":{"index":"index","follow":"follow","max-snippet":"max-snippet:-1","max-image-preview":"max-image-preview:large","max-video-preview":"max-video-preview:-1"},"canonical":"https:\/\/www.studio-oeding.com\/en\/jobs\/werksstudentin\/","og_locale":"en_US","og_type":"article","og_title":"Werksstudent:in - Studio Oeding","og_description":"&nbsp; Der Job \u2022 Im Zuge Deines Studiums erh\u00e4ltst Du einen intensiven Einblick in den Workflow einer international t\u00e4tigen Designagentur\u202c\u202c\u202c\u202c\u202c\u202c\u202c\u202c\u202c\u202c\u202c\u202c\u202c\u202c \u2022 \u202a\u202aAls Teammitglied werden wir Dich in den gesamten Entstehungsprozess vom ersten Briefing bis zur fertigen Kampagne mit einbinden\u202c\u202c\u202c\u202c\u202c\u202c\u202c\u202c\u202c\u202c\u202c\u202c \u2022 \u202a\u202aJe nach Vorbildung und Erfahrung unterst\u00fctzt Du unsere Kreationsteams bei der Ideenfindung, der Ausarbeitung und [&hellip;]","og_url":"https:\/\/www.studio-oeding.com\/en\/jobs\/werksstudentin\/","og_site_name":"Studio Oeding","twitter_card":"summary_large_image","twitter_misc":{"Est. reading time":"1 minute"},"schema":{"@context":"https:\/\/schema.org","@graph":[{"@type":"WebPage","@id":"https:\/\/www.studio-oeding.com\/en\/jobs\/werksstudentin\/","url":"https:\/\/www.studio-oeding.com\/en\/jobs\/werksstudentin\/","name":"Werksstudent:in - Studio Oeding","isPartOf":{"@id":"https:\/\/www.studio-oeding.com\/en\/#website"},"datePublished":"2018-02-22T09:18:42+00:00","breadcrumb":{"@id":"https:\/\/www.studio-oeding.com\/en\/jobs\/werksstudentin\/#breadcrumb"},"inLanguage":"en-US","potentialAction":[{"@type":"ReadAction","target":["https:\/\/www.studio-oeding.com\/en\/jobs\/werksstudentin\/"]}]},{"@type":"BreadcrumbList","@id":"https:\/\/www.studio-oeding.com\/en\/jobs\/werksstudentin\/#breadcrumb","itemListElement":[{"@type":"ListItem","position":1,"name":"Startseite","item":"https:\/\/www.studio-oeding.com\/en\/"},{"@type":"ListItem","position":2,"name":"Werksstudent:in"}]},{"@type":"WebSite","@id":"https:\/\/www.studio-oeding.com\/en\/#website","url":"https:\/\/www.studio-oeding.com\/en\/","name":"Studio Oeding","description":"Designagentur f\u00fcr Brand Strategies und ganzheitliche Designl\u00f6sungen.[:en]Studio Oeding Hamburg[:]","potentialAction":[{"@type":"SearchAction","target":{"@type":"EntryPoint","urlTemplate":"https:\/\/www.studio-oeding.com\/en\/?s={search_term_string}"},"query-input":{"@type":"PropertyValueSpecification","valueRequired":true,"valueName":"search_term_string"}}],"inLanguage":"en-US"}]}},"_links":{"self":[{"href":"https:\/\/www.studio-oeding.com\/en\/wp-json\/wp\/v2\/pages\/10698","targetHints":{"allow":["GET"]}}],"collection":[{"href":"https:\/\/www.studio-oeding.com\/en\/wp-json\/wp\/v2\/pages"}],"about":[{"href":"https:\/\/www.studio-oeding.com\/en\/wp-json\/wp\/v2\/types\/page"}],"author":[{"embeddable":true,"href":"https:\/\/www.studio-oeding.com\/en\/wp-json\/wp\/v2\/users\/1"}],"replies":[{"embeddable":true,"href":"https:\/\/www.studio-oeding.com\/en\/wp-json\/wp\/v2\/comments?post=10698"}],"version-history":[{"count":0,"href":"https:\/\/www.studio-oeding.com\/en\/wp-json\/wp\/v2\/pages\/10698\/revisions"}],"up":[{"embeddable":true,"href":"https:\/\/www.studio-oeding.com\/en\/wp-json\/wp\/v2\/pages\/10688"}],"wp:attachment":[{"href":"https:\/\/www.studio-oeding.com\/en\/wp-json\/wp\/v2\/media?parent=10698"}],"curies":[{"name":"wp","href":"https:\/\/api.w.org\/{rel}","templated":true}]}}